{"id":270,"date":"2020-01-13T15:01:39","date_gmt":"2020-01-13T13:01:39","guid":{"rendered":"https:\/\/pluswindows.eu\/?page_id=270"},"modified":"2020-01-13T15:49:40","modified_gmt":"2020-01-13T13:49:40","slug":"contact-us","status":"publish","type":"page","link":"https:\/\/pluswindows.eu\/en\/contact-us\/","title":{"rendered":"Contact Us"},"content":{"rendered":"<p>[et_pb_section fb_built=&#8221;1&#8243; fullwidth=&#8221;on&#8221; _builder_version=&#8221;4.1&#8243;][et_pb_fullwidth_map address=&#8221;Pramon\u0117s g. 20D, Kur\u0161\u0117nai 81123, Lietuva&#8221; zoom_level=&#8221;15&#8243; address_lat=&#8221;55.9892195&#8243; address_lng=&#8221;22.9591088&#8243; mouse_wheel=&#8221;off&#8221; _builder_version=&#8221;4.1&#8243;][et_pb_map_pin title=&#8221;Pramones g. 20D LT-81126 Kur\u0161\u0117nai, \u0160iauli\u0173 raj. Lietuva&#8221; pin_address=&#8221;Pramon\u0117s g. 20D, Kur\u0161\u0117nai 81123, Lietuva&#8221; zoom_level=&#8221;15&#8243; pin_address_lat=&#8221;55.9892195&#8243; pin_address_lng=&#8221;22.9591088&#8243; _builder_version=&#8221;4.1&#8243;][\/et_pb_map_pin][\/et_pb_fullwidth_map][\/et_pb_section][et_pb_section fb_built=&#8221;1&#8243; _builder_version=&#8221;4.1&#8243;][et_pb_row _builder_version=&#8221;4.1&#8243;][et_pb_column _builder_version=&#8221;4.1&#8243; type=&#8221;4_4&#8243;][et_pb_text _builder_version=&#8221;4.1&#8243; header_3_text_color=&#8221;#001d3f&#8221; hover_enabled=&#8221;0&#8243;]<\/p>\n<h3 style=\"text-align: center;\"><strong>HAVE A QUESTIONS? PLEASE USE THE FORM BELOW<\/strong><\/h3>\n<p>[\/et_pb_text][\/et_pb_column][\/et_pb_row][et_pb_row column_structure=&#8221;1_4,1_4,1_4,1_4&#8243; _builder_version=&#8221;4.1&#8243;][et_pb_column type=&#8221;1_4&#8243; _builder_version=&#8221;4.1&#8243;][et_pb_blurb title=&#8221;Company&#8221; use_icon=&#8221;on&#8221; font_icon=&#8221;%%236%%&#8221; icon_color=&#8221;#ffffff&#8221; use_circle=&#8221;on&#8221; circle_color=&#8221;#ed7326&#8243; icon_placement=&#8221;left&#8221; _builder_version=&#8221;4.1&#8243; header_font=&#8221;|700|||||||&#8221;]UAB PLUS windows[\/et_pb_blurb][\/et_pb_column][et_pb_column type=&#8221;1_4&#8243; _builder_version=&#8221;4.1&#8243;][et_pb_blurb title=&#8221;Phone&#8221; use_icon=&#8221;on&#8221; font_icon=&#8221;%%264%%&#8221; icon_color=&#8221;#ffffff&#8221; use_circle=&#8221;on&#8221; circle_color=&#8221;#ed7326&#8243; icon_placement=&#8221;left&#8221; _builder_version=&#8221;4.1&#8243; header_font=&#8221;|700|||||||&#8221;]+370 41 583390[\/et_pb_blurb][\/et_pb_column][et_pb_column type=&#8221;1_4&#8243; _builder_version=&#8221;4.1&#8243;][et_pb_blurb title=&#8221;Mobile&#8221; use_icon=&#8221;on&#8221; font_icon=&#8221;%%104%%&#8221; icon_color=&#8221;#ffffff&#8221; use_circle=&#8221;on&#8221; circle_color=&#8221;#ed7326&#8243; icon_placement=&#8221;left&#8221; _builder_version=&#8221;4.1&#8243; header_font=&#8221;|700|||||||&#8221;]+370 618 59 084[\/et_pb_blurb][\/et_pb_column][et_pb_column type=&#8221;1_4&#8243; _builder_version=&#8221;4.1&#8243;][et_pb_blurb title=&#8221;E-mail&#8221; use_icon=&#8221;on&#8221; font_icon=&#8221;%%238%%&#8221; icon_color=&#8221;#ffffff&#8221; use_circle=&#8221;on&#8221; circle_color=&#8221;#ed7326&#8243; icon_placement=&#8221;left&#8221; _builder_version=&#8221;4.1&#8243; header_font=&#8221;|700|||||||&#8221;]info@pluswindows.eu[\/et_pb_blurb][\/et_pb_column][\/et_pb_row][et_pb_row column_structure=&#8221;1_2,1_2&#8243; _builder_version=&#8221;4.1&#8243;][et_pb_column type=&#8221;1_2&#8243; _builder_version=&#8221;4.1&#8243;][et_pb_text _builder_version=&#8221;4.1&#8243;]<\/p>\n<p><strong>Address:<\/strong> Pramones str. 20D LT-81126 Kursenai, Siauliu reg. Lithuania<br \/><strong>Company code:<\/strong> 302480330<br \/><strong>VAT code:<\/strong> LT100005176118<br \/><strong>Bank:<\/strong> DnB bank<br \/>Account no.: LT914010042402787878<\/p>\n<p>[\/et_pb_text][\/et_pb_column][et_pb_column type=&#8221;1_2&#8243; _builder_version=&#8221;4.1&#8243;][et_pb_contact_form use_spam_service=&#8221;on&#8221; recaptcha_list=&#8221;Default-0&#8243; email=&#8221;info@pluswindows.eu&#8221; custom_message=&#8221;Gauta \u017einut\u0117 i\u0161 tinklalapio.||et_pb_line_break_holder||||et_pb_line_break_holder||Vardas: %%Name%%||et_pb_line_break_holder||El. pa\u0161tas: %%Email%%||et_pb_line_break_holder||\u017dinut\u0117: %%Message%%&#8221; success_message=&#8221; Your message was sent successfully. We will contact you soon.&#8221; submit_button_text=&#8221;Submit Message&#8221; _builder_version=&#8221;4.1&#8243; custom_button=&#8221;on&#8221; button_bg_color=&#8221;#001d3f&#8221; button_bg_color__hover_enabled=&#8221;on|hover&#8221; button_bg_color__hover=&#8221;#001d3f&#8221; button_bg_enable_color__hover=&#8221;on&#8221;][et_pb_contact_field field_id=&#8221;Name&#8221; field_title=&#8221;Name&#8221; _builder_version=&#8221;4.1&#8243; button_text_size__hover_enabled=&#8221;off&#8221; button_one_text_size__hover_enabled=&#8221;off&#8221; button_two_text_size__hover_enabled=&#8221;off&#8221; button_text_color__hover_enabled=&#8221;off&#8221; button_one_text_color__hover_enabled=&#8221;off&#8221; button_two_text_color__hover_enabled=&#8221;off&#8221; button_border_width__hover_enabled=&#8221;off&#8221; button_one_border_width__hover_enabled=&#8221;off&#8221; button_two_border_width__hover_enabled=&#8221;off&#8221; button_border_color__hover_enabled=&#8221;off&#8221; button_one_border_color__hover_enabled=&#8221;off&#8221; button_two_border_color__hover_enabled=&#8221;off&#8221; button_border_radius__hover_enabled=&#8221;off&#8221; button_one_border_radius__hover_enabled=&#8221;off&#8221; button_two_border_radius__hover_enabled=&#8221;off&#8221; button_letter_spacing__hover_enabled=&#8221;off&#8221; button_one_letter_spacing__hover_enabled=&#8221;off&#8221; button_two_letter_spacing__hover_enabled=&#8221;off&#8221; button_bg_color__hover_enabled=&#8221;off&#8221; button_one_bg_color__hover_enabled=&#8221;off&#8221; button_two_bg_color__hover_enabled=&#8221;off&#8221;][\/et_pb_contact_field][et_pb_contact_field field_id=&#8221;Email&#8221; field_title=&#8221;E-mail&#8221; field_type=&#8221;email&#8221; _builder_version=&#8221;4.1&#8243; button_text_size__hover_enabled=&#8221;off&#8221; button_one_text_size__hover_enabled=&#8221;off&#8221; button_two_text_size__hover_enabled=&#8221;off&#8221; button_text_color__hover_enabled=&#8221;off&#8221; button_one_text_color__hover_enabled=&#8221;off&#8221; button_two_text_color__hover_enabled=&#8221;off&#8221; button_border_width__hover_enabled=&#8221;off&#8221; button_one_border_width__hover_enabled=&#8221;off&#8221; button_two_border_width__hover_enabled=&#8221;off&#8221; button_border_color__hover_enabled=&#8221;off&#8221; button_one_border_color__hover_enabled=&#8221;off&#8221; button_two_border_color__hover_enabled=&#8221;off&#8221; button_border_radius__hover_enabled=&#8221;off&#8221; button_one_border_radius__hover_enabled=&#8221;off&#8221; button_two_border_radius__hover_enabled=&#8221;off&#8221; button_letter_spacing__hover_enabled=&#8221;off&#8221; button_one_letter_spacing__hover_enabled=&#8221;off&#8221; button_two_letter_spacing__hover_enabled=&#8221;off&#8221; button_bg_color__hover_enabled=&#8221;off&#8221; button_one_bg_color__hover_enabled=&#8221;off&#8221; button_two_bg_color__hover_enabled=&#8221;off&#8221;][\/et_pb_contact_field][et_pb_contact_field field_id=&#8221;Message&#8221; field_title=&#8221;Message&#8221; field_type=&#8221;text&#8221; fullwidth_field=&#8221;on&#8221; _builder_version=&#8221;4.1&#8243; button_text_size__hover_enabled=&#8221;off&#8221; button_one_text_size__hover_enabled=&#8221;off&#8221; button_two_text_size__hover_enabled=&#8221;off&#8221; button_text_color__hover_enabled=&#8221;off&#8221; button_one_text_color__hover_enabled=&#8221;off&#8221; button_two_text_color__hover_enabled=&#8221;off&#8221; button_border_width__hover_enabled=&#8221;off&#8221; button_one_border_width__hover_enabled=&#8221;off&#8221; button_two_border_width__hover_enabled=&#8221;off&#8221; button_border_color__hover_enabled=&#8221;off&#8221; button_one_border_color__hover_enabled=&#8221;off&#8221; button_two_border_color__hover_enabled=&#8221;off&#8221; button_border_radius__hover_enabled=&#8221;off&#8221; button_one_border_radius__hover_enabled=&#8221;off&#8221; button_two_border_radius__hover_enabled=&#8221;off&#8221; button_letter_spacing__hover_enabled=&#8221;off&#8221; button_one_letter_spacing__hover_enabled=&#8221;off&#8221; button_two_letter_spacing__hover_enabled=&#8221;off&#8221; button_bg_color__hover_enabled=&#8221;off&#8221; button_one_bg_color__hover_enabled=&#8221;off&#8221; button_two_bg_color__hover_enabled=&#8221;off&#8221;][\/et_pb_contact_field][\/et_pb_contact_form][\/et_pb_column][\/et_pb_row][\/et_pb_section]<\/p>\n","protected":false},"excerpt":{"rendered":"<p>HAVE A QUESTIONS? PLEASE USE THE FORM BELOW UAB PLUS windows+370 41 583390+370 618 59 084info@pluswindows.euAddress: Pramones str. 20D LT-81126 Kursenai, Siauliu reg. LithuaniaCompany code: 302480330VAT code: LT100005176118Bank: DnB bankAccount no.: LT914010042402787878<\/p>\n","protected":false},"author":3,"featured_media":0,"parent":0,"menu_order":0,"comment_status":"closed","ping_status":"closed","template":"","meta":{"_et_pb_use_builder":"on","_et_pb_old_content":"[et_pb_section fb_built=\"1\" fullwidth=\"on\" _builder_version=\"4.1\"][et_pb_fullwidth_map _builder_version=\"4.1\" address=\"Pramon\u0117s g. 20D, Kur\u0161\u0117nai 81123, Lietuva\" address_lat=\"55.9892195\" address_lng=\"22.9591088\" zoom_level=\"15\" mouse_wheel=\"off\" hover_enabled=\"0\"][et_pb_map_pin _builder_version=\"4.1\" title=\"Pramones g. 20D LT-81126 Kur\u0161\u0117nai, \u0160iauli\u0173 raj. Lietuva\" pin_address=\"Pramon\u0117s g. 20D, Kur\u0161\u0117nai 81123, Lietuva\" pin_address_lat=\"55.9892195\" pin_address_lng=\"22.9591088\" zoom_level=\"15\" hover_enabled=\"0\"][\/et_pb_map_pin][\/et_pb_fullwidth_map][\/et_pb_section][et_pb_section fb_built=\"1\" _builder_version=\"4.1\"][et_pb_row _builder_version=\"4.1\" column_structure=\"1_4,1_4,1_4,1_4\"][et_pb_column _builder_version=\"4.1\" type=\"1_4\"][et_pb_blurb title=\"\u012emon\u0117\" _builder_version=\"4.1\" use_icon=\"on\" font_icon=\"%%236%%\" use_circle=\"on\" circle_color=\"#ed7326\" icon_color=\"#ffffff\" icon_placement=\"left\" header_font=\"|700|||||||\" hover_enabled=\"0\"]\n\nUAB PLUS windows\n\n[\/et_pb_blurb][\/et_pb_column][et_pb_column _builder_version=\"4.1\" type=\"1_4\"][et_pb_blurb title=\"Telefonas\" _builder_version=\"4.1\" use_icon=\"on\" font_icon=\"%%264%%\" use_circle=\"on\" circle_color=\"#ed7326\" icon_color=\"#ffffff\" icon_placement=\"left\" header_font=\"|700|||||||\" hover_enabled=\"0\"]\n\n+370 41 583390\n\n[\/et_pb_blurb][\/et_pb_column][et_pb_column _builder_version=\"4.1\" type=\"1_4\"][et_pb_blurb title=\"Mobilusis\" _builder_version=\"4.1\" use_icon=\"on\" font_icon=\"%%104%%\" use_circle=\"on\" circle_color=\"#ed7326\" icon_color=\"#ffffff\" icon_placement=\"left\" header_font=\"|700|||||||\" hover_enabled=\"0\"]\n\n+370 618 59 084\n\n[\/et_pb_blurb][\/et_pb_column][et_pb_column _builder_version=\"4.1\" type=\"1_4\"][et_pb_blurb title=\"El. pa\u0161tas\" _builder_version=\"4.1\" use_icon=\"on\" font_icon=\"%%238%%\" use_circle=\"on\" circle_color=\"#ed7326\" icon_color=\"#ffffff\" icon_placement=\"left\" header_font=\"|700|||||||\" hover_enabled=\"0\"]\n\ninfo@pluswindows.eu\n\n[\/et_pb_blurb][\/et_pb_column][\/et_pb_row][et_pb_row _builder_version=\"4.1\" column_structure=\"1_2,1_2\"][et_pb_column _builder_version=\"4.1\" type=\"1_2\"][et_pb_text _builder_version=\"4.1\" hover_enabled=\"0\"]\n\n<strong>Adresas:<\/strong> Pramones g. 20D LT-81126 Kur\u0161\u0117nai, \u0160iauli\u0173 raj. Lietuva\n<strong>\u012emon\u0117s kodas:<\/strong> 302480330\n<strong>PVM mok. kodas:<\/strong> LT100005176118\n<strong>Bankas:<\/strong> DnB bankas\nA.s.: LT914010042402787878\n\n[\/et_pb_text][\/et_pb_column][et_pb_column _builder_version=\"4.1\" type=\"1_2\"][et_pb_contact_form _builder_version=\"4.1\" success_message=\"J\u016bs\u0173 \u017einut\u0117 s\u0117kmingai i\u0161si\u0173sta. Netrukus su Jumis susisieksime.\" submit_button_text=\"Si\u0173sti u\u017eklaus\u0105\" custom_message=\"Gauta \u017einut\u0117 i\u0161 tinklalapio.||et_pb_line_break_holder||||et_pb_line_break_holder||Vardas: %%Name%%||et_pb_line_break_holder||El. pa\u0161tas: %%Email%%||et_pb_line_break_holder||\u017dinut\u0117: %%Message%%\" email=\"info@pluswindows.eu\" use_spam_service=\"on\" recaptcha_list=\"Default-0\" hover_enabled=\"0\" custom_button=\"on\" button_bg_color=\"#001d3f\" button_bg_enable_color=\"on\" button_bg_color__hover_enabled=\"on|hover\" button_bg_color__hover=\"#001d3f\" button_bg_enable_color__hover=\"on\"][et_pb_contact_field field_id=\"Name\" field_title=\"Vardas\" _builder_version=\"4.1\" hover_enabled=\"0\" button_text_size__hover_enabled=\"off\" button_one_text_size__hover_enabled=\"off\" button_two_text_size__hover_enabled=\"off\" button_text_color__hover_enabled=\"off\" button_one_text_color__hover_enabled=\"off\" button_two_text_color__hover_enabled=\"off\" button_border_width__hover_enabled=\"off\" button_one_border_width__hover_enabled=\"off\" button_two_border_width__hover_enabled=\"off\" button_border_color__hover_enabled=\"off\" button_one_border_color__hover_enabled=\"off\" button_two_border_color__hover_enabled=\"off\" button_border_radius__hover_enabled=\"off\" button_one_border_radius__hover_enabled=\"off\" button_two_border_radius__hover_enabled=\"off\" button_letter_spacing__hover_enabled=\"off\" button_one_letter_spacing__hover_enabled=\"off\" button_two_letter_spacing__hover_enabled=\"off\" button_bg_color__hover_enabled=\"off\" button_one_bg_color__hover_enabled=\"off\" button_two_bg_color__hover_enabled=\"off\"][\/et_pb_contact_field][et_pb_contact_field field_id=\"Email\" field_title=\"El. pa\u0161tas\" field_type=\"email\" _builder_version=\"4.1\" hover_enabled=\"0\" button_text_size__hover_enabled=\"off\" button_one_text_size__hover_enabled=\"off\" button_two_text_size__hover_enabled=\"off\" button_text_color__hover_enabled=\"off\" button_one_text_color__hover_enabled=\"off\" button_two_text_color__hover_enabled=\"off\" button_border_width__hover_enabled=\"off\" button_one_border_width__hover_enabled=\"off\" button_two_border_width__hover_enabled=\"off\" button_border_color__hover_enabled=\"off\" button_one_border_color__hover_enabled=\"off\" button_two_border_color__hover_enabled=\"off\" button_border_radius__hover_enabled=\"off\" button_one_border_radius__hover_enabled=\"off\" button_two_border_radius__hover_enabled=\"off\" button_letter_spacing__hover_enabled=\"off\" button_one_letter_spacing__hover_enabled=\"off\" button_two_letter_spacing__hover_enabled=\"off\" button_bg_color__hover_enabled=\"off\" button_one_bg_color__hover_enabled=\"off\" button_two_bg_color__hover_enabled=\"off\"][\/et_pb_contact_field][et_pb_contact_field field_id=\"Message\" field_title=\"\u017dinut\u0117\" field_type=\"text\" fullwidth_field=\"on\" _builder_version=\"4.1\" hover_enabled=\"0\" button_text_size__hover_enabled=\"off\" button_one_text_size__hover_enabled=\"off\" button_two_text_size__hover_enabled=\"off\" button_text_color__hover_enabled=\"off\" button_one_text_color__hover_enabled=\"off\" button_two_text_color__hover_enabled=\"off\" button_border_width__hover_enabled=\"off\" button_one_border_width__hover_enabled=\"off\" button_two_border_width__hover_enabled=\"off\" button_border_color__hover_enabled=\"off\" button_one_border_color__hover_enabled=\"off\" button_two_border_color__hover_enabled=\"off\" button_border_radius__hover_enabled=\"off\" button_one_border_radius__hover_enabled=\"off\" button_two_border_radius__hover_enabled=\"off\" button_letter_spacing__hover_enabled=\"off\" button_one_letter_spacing__hover_enabled=\"off\" button_two_letter_spacing__hover_enabled=\"off\" button_bg_color__hover_enabled=\"off\" button_one_bg_color__hover_enabled=\"off\" button_two_bg_color__hover_enabled=\"off\"][\/et_pb_contact_field][\/et_pb_contact_form][\/et_pb_column][\/et_pb_row][\/et_pb_section]","_et_gb_content_width":"","footnotes":""},"_links":{"self":[{"href":"https:\/\/pluswindows.eu\/en\/wp-json\/wp\/v2\/pages\/270"}],"collection":[{"href":"https:\/\/pluswindows.eu\/en\/wp-json\/wp\/v2\/pages"}],"about":[{"href":"https:\/\/pluswindows.eu\/en\/wp-json\/wp\/v2\/types\/page"}],"author":[{"embeddable":true,"href":"https:\/\/pluswindows.eu\/en\/wp-json\/wp\/v2\/users\/3"}],"replies":[{"embeddable":true,"href":"https:\/\/pluswindows.eu\/en\/wp-json\/wp\/v2\/comments?post=270"}],"version-history":[{"count":4,"href":"https:\/\/pluswindows.eu\/en\/wp-json\/wp\/v2\/pages\/270\/revisions"}],"predecessor-version":[{"id":286,"href":"https:\/\/pluswindows.eu\/en\/wp-json\/wp\/v2\/pages\/270\/revisions\/286"}],"wp:attachment":[{"href":"https:\/\/pluswindows.eu\/en\/wp-json\/wp\/v2\/media?parent=270"}],"curies":[{"name":"wp","href":"https:\/\/api.w.org\/{rel}","templated":true}]}}