{"id":292,"date":"2020-01-13T16:08:19","date_gmt":"2020-01-13T14:08:19","guid":{"rendered":"https:\/\/pluswindows.eu\/?page_id=292"},"modified":"2020-01-13T16:10:18","modified_gmt":"2020-01-13T14:10:18","slug":"hjem","status":"publish","type":"page","link":"https:\/\/pluswindows.eu\/no\/","title":{"rendered":"Hjem"},"content":{"rendered":"<p>[et_pb_section fb_built=&raquo;1&#8243; fullwidth=&raquo;on&raquo; _builder_version=&raquo;4.1&#8243; custom_padding=&raquo;||||true|false&raquo;][et_pb_fullwidth_header title=&raquo;H-WINDOW PLUS+&raquo; text_orientation=&raquo;center&raquo; button_one_text=&raquo;Kontakt Oss&raquo; button_one_url=&raquo;\/kontaktai&raquo; _builder_version=&raquo;4.1&#8243; background_enable_color=&raquo;off&raquo; background_image=&raquo;https:\/\/pluswindows.eu\/wp-content\/uploads\/slider.jpg&raquo; custom_button_one=&raquo;on&raquo; button_one_text_size=&raquo;14px&raquo; button_one_bg_color=&raquo;#ed7326&#8243; button_one_border_width=&raquo;0px&raquo; button_one_font=&raquo;|||on|||||&raquo; button_one_custom_padding=&raquo;10px|30px|10px|30px|true|true&raquo; custom_padding=&raquo;80px||80px||true|false&raquo; hover_enabled=&raquo;0&#8243;][\/et_pb_fullwidth_header][\/et_pb_section][et_pb_section fb_built=&raquo;1&#8243; _builder_version=&raquo;4.1&#8243;][et_pb_row _builder_version=&raquo;4.1&#8243;][et_pb_column type=&raquo;4_4&#8243; _builder_version=&raquo;4.1&#8243;][et_pb_text _builder_version=&raquo;4.1&#8243; header_3_text_align=&raquo;center&raquo; header_3_line_height=&raquo;1.5em&raquo; hover_enabled=&raquo;0&#8243;]<\/p>\n<h3>PLUS windows UAB er en underavdeling av det norske selskapet H\u00adprodukter AS, som er en ledende produsent av vindu og d\u00f8rer i vinyl i Norge. PLUS windows UAB ble etablert i 2010, og produserer utadsl\u00e5ende toppsvingvindu i vinyl med Spilka beslag.<\/h3>\n<p>[\/et_pb_text][\/et_pb_column][\/et_pb_row][et_pb_row column_structure=&raquo;1_2,1_2&#8243; _builder_version=&raquo;4.1&#8243;][et_pb_column type=&raquo;1_2&#8243; _builder_version=&raquo;4.1&#8243;][et_pb_slider _builder_version=&raquo;4.1&#8243; auto=&raquo;on&raquo; auto_speed=&raquo;4000&#8243;][et_pb_slide _builder_version=&raquo;4.1&#8243; background_enable_color=&raquo;off&raquo; background_image=&raquo;https:\/\/pluswindows.eu\/wp-content\/uploads\/slider-01.jpg&raquo; background_enable_image=&raquo;on&raquo; custom_padding=&raquo;200px||200px||true|false&raquo; custom_padding_tablet=&raquo;&raquo; custom_padding_phone=&raquo;&raquo; custom_padding_last_edited=&raquo;on|desktop&raquo;][\/et_pb_slide][et_pb_slide _builder_version=&raquo;4.1&#8243; background_enable_color=&raquo;off&raquo; background_image=&raquo;https:\/\/pluswindows.eu\/wp-content\/uploads\/slider-02.jpg&raquo; background_enable_image=&raquo;on&raquo; custom_padding=&raquo;200px||200px||true|false&raquo; custom_padding_tablet=&raquo;&raquo; custom_padding_phone=&raquo;&raquo; custom_padding_last_edited=&raquo;on|desktop&raquo;][\/et_pb_slide][et_pb_slide _builder_version=&raquo;4.1&#8243; background_enable_color=&raquo;off&raquo; background_image=&raquo;https:\/\/pluswindows.eu\/wp-content\/uploads\/slider-03.jpg&raquo; background_enable_image=&raquo;on&raquo; custom_padding=&raquo;200px||200px||true|false&raquo; custom_padding_tablet=&raquo;&raquo; custom_padding_phone=&raquo;&raquo; custom_padding_last_edited=&raquo;on|desktop&raquo;][\/et_pb_slide][et_pb_slide _builder_version=&raquo;4.1&#8243; background_enable_color=&raquo;off&raquo; background_image=&raquo;https:\/\/pluswindows.eu\/wp-content\/uploads\/slider-04.jpg&raquo; background_enable_image=&raquo;on&raquo; custom_padding=&raquo;200px||200px||true|false&raquo; custom_padding_tablet=&raquo;&raquo; custom_padding_phone=&raquo;&raquo; custom_padding_last_edited=&raquo;on|desktop&raquo;][\/et_pb_slide][\/et_pb_slider][\/et_pb_column][et_pb_column type=&raquo;1_2&#8243; _builder_version=&raquo;4.1&#8243;][et_pb_text _builder_version=&raquo;4.1&#8243; header_3_font=&raquo;|700|||||||&raquo; header_3_text_color=&raquo;#001d3f&raquo; hover_enabled=&raquo;0&#8243;]<\/p>\n<h3>VI PRODUSERER<\/h3>\n<p>vedlikeholdsfrie h\u00f8ykvalitetsvinduer og \u2013d\u00f8rer som er sertifisert for det norske marked (NDVK godkjenning) og EU\u00admarkedet. Produktene er utviklet og testet for ekstreme v\u00e6rforhold og har god isoleringsevne.<\/p>\n<p>[\/et_pb_text][et_pb_button button_url=&raquo;\/kontaktai&raquo; button_text=&raquo;Kontakt Oss&raquo; _builder_version=&raquo;4.1&#8243; custom_button=&raquo;on&raquo; button_bg_color=&raquo;#001d3f&raquo; button_font=&raquo;|||on|||||&raquo; custom_padding=&raquo;10px|30px|10px|30px|true|true&raquo; hover_enabled=&raquo;0&#8243; button_bg_color__hover_enabled=&raquo;on|hover&raquo;][\/et_pb_button][\/et_pb_column][\/et_pb_row][\/et_pb_section][et_pb_section fb_built=&raquo;1&#8243; fullwidth=&raquo;on&raquo; _builder_version=&raquo;4.1&#8243;][et_pb_fullwidth_map address=&raquo;Pramon\u0117s g. 20D, Kur\u0161\u0117nai 81123, Lietuva&raquo; zoom_level=&raquo;15&#8243; address_lat=&raquo;55.9892195&#8243; address_lng=&raquo;22.9591088&#8243; mouse_wheel=&raquo;off&raquo; _builder_version=&raquo;4.1&#8243;][et_pb_map_pin pin_address=&raquo;Pramon\u0117s g. 20D, Kur\u0161\u0117nai 81123, Lietuva&raquo; zoom_level=&raquo;15&#8243; pin_address_lat=&raquo;55.9892195&#8243; pin_address_lng=&raquo;22.9591088&#8243; _builder_version=&raquo;4.1&#8243;][\/et_pb_map_pin][\/et_pb_fullwidth_map][\/et_pb_section]<\/p>\n","protected":false},"excerpt":{"rendered":"<p>PLUS windows UAB er en underavdeling av det norske selskapet H\u00adprodukter AS, som er en ledende produsent av vindu og d\u00f8rer i vinyl i Norge. PLUS windows UAB ble etablert i 2010, og produserer utadsl\u00e5ende toppsvingvindu i vinyl med Spilka beslag. VI PRODUSERER vedlikeholdsfrie h\u00f8ykvalitetsvinduer og \u2013d\u00f8rer som er sertifisert for det norske marked (NDVK [&hellip;]<\/p>\n","protected":false},"author":3,"featured_media":0,"parent":0,"menu_order":0,"comment_status":"closed","ping_status":"closed","template":"","meta":{"_et_pb_use_builder":"on","_et_pb_old_content":"[et_pb_section fb_built=\"1\" fullwidth=\"on\" _builder_version=\"4.1\" custom_padding=\"||||true|false\"][et_pb_fullwidth_header title=\"H-WINDOW PLUS+\" text_orientation=\"center\" button_one_text=\"Susisiekite su mumis\" _builder_version=\"4.1\" background_enable_color=\"off\" background_image=\"https:\/\/pluswindows.eu\/wp-content\/uploads\/slider.jpg\" custom_button_one=\"on\" button_one_text_size=\"14px\" button_one_bg_color=\"#ed7326\" button_one_border_width=\"0px\" button_one_font=\"|||on|||||\" button_one_custom_padding=\"10px|30px|10px|30px|true|true\" custom_padding=\"80px||80px||true|false\" hover_enabled=\"0\" button_one_url=\"\/kontaktai\"][\/et_pb_fullwidth_header][\/et_pb_section][et_pb_section fb_built=\"1\" _builder_version=\"4.1\"][et_pb_row _builder_version=\"4.1\"][et_pb_column type=\"4_4\" _builder_version=\"4.1\"][et_pb_text _builder_version=\"4.1\" header_3_text_align=\"center\" header_3_line_height=\"1.5em\"]\n<h3>PLUS windows UAB yra dukterin\u0117 \u012fmon\u0117 Norvegijos H-produkter AS, pirmaujan\u010dios PVC lang\u0173 ir dur\u0173 gamybos srityje Norvegijoje. PLUS windows UAB \u012fkurta 2010 metais, \u012fmon\u0117 gamina H-tipo 360O persiver\u010dian\u010dius PVC langus su SPILKA apkaustais.<\/h3>\n[\/et_pb_text][\/et_pb_column][\/et_pb_row][et_pb_row column_structure=\"1_2,1_2\" _builder_version=\"4.1\"][et_pb_column type=\"1_2\" _builder_version=\"4.1\"][et_pb_slider _builder_version=\"4.1\" auto=\"on\" auto_speed=\"4000\"][et_pb_slide _builder_version=\"4.1\" background_enable_color=\"off\" background_image=\"https:\/\/pluswindows.eu\/wp-content\/uploads\/slider-01.jpg\" background_enable_image=\"on\" custom_padding=\"200px||200px||true|false\" custom_padding_tablet=\"\" custom_padding_phone=\"\" custom_padding_last_edited=\"on|desktop\"][\/et_pb_slide][et_pb_slide _builder_version=\"4.1\" background_enable_color=\"off\" background_image=\"https:\/\/pluswindows.eu\/wp-content\/uploads\/slider-02.jpg\" background_enable_image=\"on\" custom_padding=\"200px||200px||true|false\" custom_padding_tablet=\"\" custom_padding_phone=\"\" custom_padding_last_edited=\"on|desktop\"][\/et_pb_slide][et_pb_slide _builder_version=\"4.1\" background_enable_color=\"off\" background_image=\"https:\/\/pluswindows.eu\/wp-content\/uploads\/slider-03.jpg\" background_enable_image=\"on\" custom_padding=\"200px||200px||true|false\" custom_padding_tablet=\"\" custom_padding_phone=\"\" custom_padding_last_edited=\"on|desktop\"][\/et_pb_slide][et_pb_slide _builder_version=\"4.1\" background_enable_color=\"off\" background_image=\"https:\/\/pluswindows.eu\/wp-content\/uploads\/slider-04.jpg\" background_enable_image=\"on\" custom_padding=\"200px||200px||true|false\" custom_padding_tablet=\"\" custom_padding_phone=\"\" custom_padding_last_edited=\"on|desktop\"][\/et_pb_slide][\/et_pb_slider][\/et_pb_column][et_pb_column type=\"1_2\" _builder_version=\"4.1\"][et_pb_text _builder_version=\"4.1\" header_3_font=\"|700|||||||\" header_3_text_color=\"#001d3f\"]\n<h3>MES GAMINAME<\/h3>\nskandinavi\u0161kus, auk\u0161tos kokyb\u0117s PVC langus ir duris, nereikalaujan\u010dius ypatingos prie\u017ei\u016bros. M\u016bs\u0173 gaminami langai sertifikuoti Norvegijos (NDVK) ir Europos (EU) rinkoms. Lang\u0173 konstrukcija yra atspari ekstremaliam aplinkos poveikiui ir u\u017etikrina ypatingai ger\u0105 \u0161ilumos izoliavim\u0105.\n\nSusidom\u0117jote, si\u0173skite savo u\u017eklaus\u0105 \u0161iais el. pa\u0161to adresais:\ninfo@pluswindows.eu arba admin@pluswindows.eu\n\n[\/et_pb_text][et_pb_button button_text=\"arba u\u017epildykite form\u0105\" _builder_version=\"4.1\" custom_button=\"on\" button_font=\"|||on|||||\" custom_padding=\"10px|30px|10px|30px|true|true\" hover_enabled=\"0\" button_url=\"\/kontaktai\" button_bg_color=\"#001d3f\" button_bg_enable_color=\"on\" button_bg_color__hover_enabled=\"on|hover\"][\/et_pb_button][\/et_pb_column][\/et_pb_row][\/et_pb_section][et_pb_section fb_built=\"1\" fullwidth=\"on\" _builder_version=\"4.1\"][et_pb_fullwidth_map address=\"Pramon\u0117s g. 20D, Kur\u0161\u0117nai 81123, Lietuva\" zoom_level=\"15\" address_lat=\"55.9892195\" address_lng=\"22.9591088\" mouse_wheel=\"off\" _builder_version=\"4.1\"][et_pb_map_pin pin_address=\"Pramon\u0117s g. 20D, Kur\u0161\u0117nai 81123, Lietuva\" zoom_level=\"15\" pin_address_lat=\"55.9892195\" pin_address_lng=\"22.9591088\" _builder_version=\"4.1\"][\/et_pb_map_pin][\/et_pb_fullwidth_map][\/et_pb_section]","_et_gb_content_width":"","footnotes":""},"_links":{"self":[{"href":"https:\/\/pluswindows.eu\/no\/wp-json\/wp\/v2\/pages\/292"}],"collection":[{"href":"https:\/\/pluswindows.eu\/no\/wp-json\/wp\/v2\/pages"}],"about":[{"href":"https:\/\/pluswindows.eu\/no\/wp-json\/wp\/v2\/types\/page"}],"author":[{"embeddable":true,"href":"https:\/\/pluswindows.eu\/no\/wp-json\/wp\/v2\/users\/3"}],"replies":[{"embeddable":true,"href":"https:\/\/pluswindows.eu\/no\/wp-json\/wp\/v2\/comments?post=292"}],"version-history":[{"count":3,"href":"https:\/\/pluswindows.eu\/no\/wp-json\/wp\/v2\/pages\/292\/revisions"}],"predecessor-version":[{"id":296,"href":"https:\/\/pluswindows.eu\/no\/wp-json\/wp\/v2\/pages\/292\/revisions\/296"}],"wp:attachment":[{"href":"https:\/\/pluswindows.eu\/no\/wp-json\/wp\/v2\/media?parent=292"}],"curies":[{"name":"wp","href":"https:\/\/api.w.org\/{rel}","templated":true}]}}